{"id":10287,"date":"2025-06-04T15:25:35","date_gmt":"2025-06-04T15:25:35","guid":{"rendered":"https:\/\/evustech.com\/?post_type=product&#038;p=10287"},"modified":"2025-06-04T15:28:57","modified_gmt":"2025-06-04T15:28:57","slug":"unidad-multimedia-x9a-especifica-para-citroen-berlingo-2008-2018-copia-2","status":"publish","type":"product","link":"https:\/\/evustech.com\/en\/shop\/unidad-multimedia-x9a-especifica-para-citroen-berlingo-2008-2018-copia-2\/","title":{"rendered":"Unidad Multimedia X9A espec\u00edfica para CITR\u00d6EN BERLINGO (2008-2018) (copia)"},"content":{"rendered":"<ul>\n<li>Nueva interfaz gr\u00e1fica con accesos directos personalizables y ventana din\u00e1mica en tiempo real.<\/li>\n<li>Preparado para conexi\u00f3n c\u00e1mara ADAS con integraci\u00f3n en interfaz principal.<\/li>\n<li>Unidad multimedia con display t\u00e1ctil de 9&#8243;\u00a0 capacitivo de alta resoluci\u00f3n 1280 x 720p con perfecta integraci\u00f3n est\u00e9tica.<\/li>\n<li>Sistema operativo Android 12, procesador Octacore a 2,0Ghz con 4Gb RAM y 64Gb de memoria interna.<\/li>\n<li>Chasis extraplano 50mm.<\/li>\n<li>Mantiene los controles de volante,\u00a0 c\u00e1mara trasera (Adaptador de c\u00e1mara no incluido) y sensores de aparcamiento originales.<\/li>\n<li>Permite descargar y almacenar\u00a0 m\u00fasica, pel\u00edculas, im\u00e1genes, y aplicaciones de Google Play.<\/li>\n<li>Potente DSP con DAC 24bits, compatible con archivos de alta calidad de audio y v\u00eddeo, incluso 4K.<\/li>\n<li>Ecualizador de 48 bandas, alineamiento de tiempo y crossover activo.<\/li>\n<li>3 salidas preamplificaci\u00f3n (2V)<\/li>\n<li>Salida TOS Link de fibra \u00f3ptica para conexi\u00f3n con dispositivos de alta definici\u00f3n.<\/li>\n<li>Amplificador\u00a0 integrado de 4x50w.<\/li>\n<li>Carplay y Android Auto en modo inal\u00e1mbrico.<\/li>\n<li>Lector de tarjetas SIM y antena 4G incluida para acceso a internet.<\/li>\n<li>2 puertos USB,\u00a0 Wifi , modulo de navegaci\u00f3n, Bluetooth versi\u00f3n 5.0 con descarga de agenda y A2DP.<\/li>\n<li>Asistente de inteligencia artificial con control de voz.<\/li>\n<\/ul>\n","protected":false},"excerpt":{"rendered":"<h2>Unidad Multimedia X9A espec\u00edfica para CITR\u00d6EN BERLINGO (2008-2018)<\/h2>\n<h2 class=\"miprecio\"><span style=\"color: #ff0000;\">549<strong>,00 \u20ac<\/strong><\/span><\/h2>\n<p><a href=\"https:\/\/evustech.com\/wp-content\/uploads\/2024\/11\/FICHA-TECNICA-NEW-X-SERIE-1.pdf\" target=\"_blank\" rel=\"noopener noreferrer\"><strong><span style=\"color: #000080;\">DESCARGAR PDF<\/span><\/strong><\/a><\/p>\n","protected":false},"featured_media":10314,"template":"","meta":{"_acf_changed":false},"product_brand":[],"product_cat":[467,468,469],"product_tag":[],"class_list":{"0":"post-10287","1":"product","2":"type-product","3":"status-publish","4":"has-post-thumbnail","6":"product_cat-citroen-en","7":"product_cat-oem-fit-en","8":"product_cat-multimedia-en","10":"first","11":"instock","12":"shipping-taxable","13":"purchasable","14":"product-type-simple"},"acf":[],"yoast_head":"<!-- This site is optimized with the Yoast SEO plugin v27.0 - https:\/\/yoast.com\/product\/yoast-seo-wordpress\/ -->\n<title>Unidad Multimedia X9A para CITR\u00d6EN BERLINGO (2008-2018)<\/title>\n<meta name=\"description\" content=\"Unidad Multimedia X9A espec\u00edfica para CITR\u00d6EN BERLINGO (2008-2018) . OS Android 12 , 4GB RAM y 64 GB memoria interna\" \/>\n<meta name=\"robots\" content=\"index, follow, max-snippet:-1, max-image-preview:large, max-video-preview:-1\" \/>\n<link rel=\"canonical\" href=\"https:\/\/evustech.com\/en\/shop\/unidad-multimedia-x9a-especifica-para-citroen-berlingo-2008-2018-copia-2\/\" \/>\n<meta property=\"og:locale\" content=\"en_US\" \/>\n<meta property=\"og:type\" content=\"article\" \/>\n<meta property=\"og:title\" content=\"Unidad Multimedia X9A para CITR\u00d6EN BERLINGO (2008-2018)\" \/>\n<meta property=\"og:description\" content=\"Unidad Multimedia X9A espec\u00edfica para CITR\u00d6EN BERLINGO (2008-2018) . OS Android 12 , 4GB RAM y 64 GB memoria interna\" \/>\n<meta property=\"og:url\" content=\"https:\/\/evustech.com\/en\/shop\/unidad-multimedia-x9a-especifica-para-citroen-berlingo-2008-2018-copia-2\/\" \/>\n<meta property=\"og:site_name\" content=\"Evus\" \/>\n<meta property=\"article:modified_time\" content=\"2025-06-04T15:28:57+00:00\" \/>\n<meta property=\"og:image\" content=\"https:\/\/evustech.com\/wp-content\/uploads\/2025\/06\/C4_2004_main.jpg\" \/>\n\t<meta property=\"og:image:width\" content=\"1000\" \/>\n\t<meta property=\"og:image:height\" content=\"1000\" \/>\n\t<meta property=\"og:image:type\" content=\"image\/jpeg\" \/>\n<meta name=\"twitter:card\" content=\"summary_large_image\" \/>\n<meta name=\"twitter:label1\" content=\"Est. reading time\" \/>\n\t<meta name=\"twitter:data1\" content=\"2 minutes\" \/>\n<script type=\"application\/ld+json\" class=\"yoast-schema-graph\">{\"@context\":\"https:\/\/schema.org\",\"@graph\":[{\"@type\":[\"WebPage\",\"ItemPage\"],\"@id\":\"https:\/\/evustech.com\/en\/shop\/unidad-multimedia-x9a-especifica-para-citroen-berlingo-2008-2018-copia-2\/\",\"url\":\"https:\/\/evustech.com\/en\/shop\/unidad-multimedia-x9a-especifica-para-citroen-berlingo-2008-2018-copia-2\/\",\"name\":\"Unidad Multimedia X9A para CITR\u00d6EN BERLINGO (2008-2018)\",\"isPartOf\":{\"@id\":\"https:\/\/evustech.com\/en\/#website\"},\"primaryImageOfPage\":{\"@id\":\"https:\/\/evustech.com\/en\/shop\/unidad-multimedia-x9a-especifica-para-citroen-berlingo-2008-2018-copia-2\/#primaryimage\"},\"image\":{\"@id\":\"https:\/\/evustech.com\/en\/shop\/unidad-multimedia-x9a-especifica-para-citroen-berlingo-2008-2018-copia-2\/#primaryimage\"},\"thumbnailUrl\":\"https:\/\/evustech.com\/wp-content\/uploads\/2025\/06\/c4_2004_black_main.jpg\",\"datePublished\":\"2025-06-04T15:25:35+00:00\",\"dateModified\":\"2025-06-04T15:28:57+00:00\",\"description\":\"Unidad Multimedia X9A espec\u00edfica para CITR\u00d6EN BERLINGO (2008-2018) . OS Android 12 , 4GB RAM y 64 GB memoria interna\",\"breadcrumb\":{\"@id\":\"https:\/\/evustech.com\/en\/shop\/unidad-multimedia-x9a-especifica-para-citroen-berlingo-2008-2018-copia-2\/#breadcrumb\"},\"inLanguage\":\"en-US\",\"potentialAction\":[{\"@type\":\"ReadAction\",\"target\":[\"https:\/\/evustech.com\/en\/shop\/unidad-multimedia-x9a-especifica-para-citroen-berlingo-2008-2018-copia-2\/\"]}]},{\"@type\":\"ImageObject\",\"inLanguage\":\"en-US\",\"@id\":\"https:\/\/evustech.com\/en\/shop\/unidad-multimedia-x9a-especifica-para-citroen-berlingo-2008-2018-copia-2\/#primaryimage\",\"url\":\"https:\/\/evustech.com\/wp-content\/uploads\/2025\/06\/c4_2004_black_main.jpg\",\"contentUrl\":\"https:\/\/evustech.com\/wp-content\/uploads\/2025\/06\/c4_2004_black_main.jpg\",\"width\":1000,\"height\":1000},{\"@type\":\"BreadcrumbList\",\"@id\":\"https:\/\/evustech.com\/en\/shop\/unidad-multimedia-x9a-especifica-para-citroen-berlingo-2008-2018-copia-2\/#breadcrumb\",\"itemListElement\":[{\"@type\":\"ListItem\",\"position\":1,\"name\":\"Home\",\"item\":\"https:\/\/evustech.com\/en\/\"},{\"@type\":\"ListItem\",\"position\":2,\"name\":\"Shop\",\"item\":\"https:\/\/evustech.com\/en\/shop\/\"},{\"@type\":\"ListItem\",\"position\":3,\"name\":\"Unidad Multimedia X9A espec\u00edfica para CITR\u00d6EN BERLINGO (2008-2018) (copia)\"}]},{\"@type\":\"WebSite\",\"@id\":\"https:\/\/evustech.com\/en\/#website\",\"url\":\"https:\/\/evustech.com\/en\/\",\"name\":\"Evus\",\"description\":\"Tecnolog\u00eda multimedia para tu autom\u00f3vil\",\"publisher\":{\"@id\":\"https:\/\/evustech.com\/en\/#organization\"},\"potentialAction\":[{\"@type\":\"SearchAction\",\"target\":{\"@type\":\"EntryPoint\",\"urlTemplate\":\"https:\/\/evustech.com\/en\/?s={search_term_string}\"},\"query-input\":{\"@type\":\"PropertyValueSpecification\",\"valueRequired\":true,\"valueName\":\"search_term_string\"}}],\"inLanguage\":\"en-US\"},{\"@type\":\"Organization\",\"@id\":\"https:\/\/evustech.com\/en\/#organization\",\"name\":\"Evus\",\"url\":\"https:\/\/evustech.com\/en\/\",\"logo\":{\"@type\":\"ImageObject\",\"inLanguage\":\"en-US\",\"@id\":\"https:\/\/evustech.com\/en\/#\/schema\/logo\/image\/\",\"url\":\"https:\/\/evustech.com\/wp-content\/uploads\/2024\/09\/LOGO-EVUS.png\",\"contentUrl\":\"https:\/\/evustech.com\/wp-content\/uploads\/2024\/09\/LOGO-EVUS.png\",\"width\":300,\"height\":92,\"caption\":\"Evus\"},\"image\":{\"@id\":\"https:\/\/evustech.com\/en\/#\/schema\/logo\/image\/\"}}]}<\/script>\n<!-- \/ Yoast SEO plugin. -->","yoast_head_json":{"title":"Unidad Multimedia X9A para CITR\u00d6EN BERLINGO (2008-2018)","description":"Unidad Multimedia X9A espec\u00edfica para CITR\u00d6EN BERLINGO (2008-2018) . OS Android 12 , 4GB RAM y 64 GB memoria interna","robots":{"index":"index","follow":"follow","max-snippet":"max-snippet:-1","max-image-preview":"max-image-preview:large","max-video-preview":"max-video-preview:-1"},"canonical":"https:\/\/evustech.com\/en\/shop\/unidad-multimedia-x9a-especifica-para-citroen-berlingo-2008-2018-copia-2\/","og_locale":"en_US","og_type":"article","og_title":"Unidad Multimedia X9A para CITR\u00d6EN BERLINGO (2008-2018)","og_description":"Unidad Multimedia X9A espec\u00edfica para CITR\u00d6EN BERLINGO (2008-2018) . OS Android 12 , 4GB RAM y 64 GB memoria interna","og_url":"https:\/\/evustech.com\/en\/shop\/unidad-multimedia-x9a-especifica-para-citroen-berlingo-2008-2018-copia-2\/","og_site_name":"Evus","article_modified_time":"2025-06-04T15:28:57+00:00","og_image":[{"width":1000,"height":1000,"url":"https:\/\/evustech.com\/wp-content\/uploads\/2025\/06\/C4_2004_main.jpg","type":"image\/jpeg"}],"twitter_card":"summary_large_image","twitter_misc":{"Est. reading time":"2 minutes"},"schema":{"@context":"https:\/\/schema.org","@graph":[{"@type":["WebPage","ItemPage"],"@id":"https:\/\/evustech.com\/en\/shop\/unidad-multimedia-x9a-especifica-para-citroen-berlingo-2008-2018-copia-2\/","url":"https:\/\/evustech.com\/en\/shop\/unidad-multimedia-x9a-especifica-para-citroen-berlingo-2008-2018-copia-2\/","name":"Unidad Multimedia X9A para CITR\u00d6EN BERLINGO (2008-2018)","isPartOf":{"@id":"https:\/\/evustech.com\/en\/#website"},"primaryImageOfPage":{"@id":"https:\/\/evustech.com\/en\/shop\/unidad-multimedia-x9a-especifica-para-citroen-berlingo-2008-2018-copia-2\/#primaryimage"},"image":{"@id":"https:\/\/evustech.com\/en\/shop\/unidad-multimedia-x9a-especifica-para-citroen-berlingo-2008-2018-copia-2\/#primaryimage"},"thumbnailUrl":"https:\/\/evustech.com\/wp-content\/uploads\/2025\/06\/c4_2004_black_main.jpg","datePublished":"2025-06-04T15:25:35+00:00","dateModified":"2025-06-04T15:28:57+00:00","description":"Unidad Multimedia X9A espec\u00edfica para CITR\u00d6EN BERLINGO (2008-2018) . OS Android 12 , 4GB RAM y 64 GB memoria interna","breadcrumb":{"@id":"https:\/\/evustech.com\/en\/shop\/unidad-multimedia-x9a-especifica-para-citroen-berlingo-2008-2018-copia-2\/#breadcrumb"},"inLanguage":"en-US","potentialAction":[{"@type":"ReadAction","target":["https:\/\/evustech.com\/en\/shop\/unidad-multimedia-x9a-especifica-para-citroen-berlingo-2008-2018-copia-2\/"]}]},{"@type":"ImageObject","inLanguage":"en-US","@id":"https:\/\/evustech.com\/en\/shop\/unidad-multimedia-x9a-especifica-para-citroen-berlingo-2008-2018-copia-2\/#primaryimage","url":"https:\/\/evustech.com\/wp-content\/uploads\/2025\/06\/c4_2004_black_main.jpg","contentUrl":"https:\/\/evustech.com\/wp-content\/uploads\/2025\/06\/c4_2004_black_main.jpg","width":1000,"height":1000},{"@type":"BreadcrumbList","@id":"https:\/\/evustech.com\/en\/shop\/unidad-multimedia-x9a-especifica-para-citroen-berlingo-2008-2018-copia-2\/#breadcrumb","itemListElement":[{"@type":"ListItem","position":1,"name":"Home","item":"https:\/\/evustech.com\/en\/"},{"@type":"ListItem","position":2,"name":"Shop","item":"https:\/\/evustech.com\/en\/shop\/"},{"@type":"ListItem","position":3,"name":"Unidad Multimedia X9A espec\u00edfica para CITR\u00d6EN BERLINGO (2008-2018) (copia)"}]},{"@type":"WebSite","@id":"https:\/\/evustech.com\/en\/#website","url":"https:\/\/evustech.com\/en\/","name":"Evus","description":"Tecnolog\u00eda multimedia para tu autom\u00f3vil","publisher":{"@id":"https:\/\/evustech.com\/en\/#organization"},"potentialAction":[{"@type":"SearchAction","target":{"@type":"EntryPoint","urlTemplate":"https:\/\/evustech.com\/en\/?s={search_term_string}"},"query-input":{"@type":"PropertyValueSpecification","valueRequired":true,"valueName":"search_term_string"}}],"inLanguage":"en-US"},{"@type":"Organization","@id":"https:\/\/evustech.com\/en\/#organization","name":"Evus","url":"https:\/\/evustech.com\/en\/","logo":{"@type":"ImageObject","inLanguage":"en-US","@id":"https:\/\/evustech.com\/en\/#\/schema\/logo\/image\/","url":"https:\/\/evustech.com\/wp-content\/uploads\/2024\/09\/LOGO-EVUS.png","contentUrl":"https:\/\/evustech.com\/wp-content\/uploads\/2024\/09\/LOGO-EVUS.png","width":300,"height":92,"caption":"Evus"},"image":{"@id":"https:\/\/evustech.com\/en\/#\/schema\/logo\/image\/"}}]}},"_links":{"self":[{"href":"https:\/\/evustech.com\/en\/wp-json\/wp\/v2\/product\/10287","targetHints":{"allow":["GET"]}}],"collection":[{"href":"https:\/\/evustech.com\/en\/wp-json\/wp\/v2\/product"}],"about":[{"href":"https:\/\/evustech.com\/en\/wp-json\/wp\/v2\/types\/product"}],"version-history":[{"count":1,"href":"https:\/\/evustech.com\/en\/wp-json\/wp\/v2\/product\/10287\/revisions"}],"predecessor-version":[{"id":10300,"href":"https:\/\/evustech.com\/en\/wp-json\/wp\/v2\/product\/10287\/revisions\/10300"}],"wp:featuredmedia":[{"embeddable":true,"href":"https:\/\/evustech.com\/en\/wp-json\/wp\/v2\/media\/10314"}],"wp:attachment":[{"href":"https:\/\/evustech.com\/en\/wp-json\/wp\/v2\/media?parent=10287"}],"wp:term":[{"taxonomy":"product_brand","embeddable":true,"href":"https:\/\/evustech.com\/en\/wp-json\/wp\/v2\/product_brand?post=10287"},{"taxonomy":"product_cat","embeddable":true,"href":"https:\/\/evustech.com\/en\/wp-json\/wp\/v2\/product_cat?post=10287"},{"taxonomy":"product_tag","embeddable":true,"href":"https:\/\/evustech.com\/en\/wp-json\/wp\/v2\/product_tag?post=10287"}],"curies":[{"name":"wp","href":"https:\/\/api.w.org\/{rel}","templated":true}]}}