{"id":10187,"date":"2024-11-05T18:35:29","date_gmt":"2024-11-05T18:35:29","guid":{"rendered":"https:\/\/evustech.com\/shop\/x95a-ultra-unidad-multimedia-de-93-para-ford-kuga-2013-2018\/"},"modified":"2024-11-05T18:35:29","modified_gmt":"2024-11-05T18:35:29","slug":"x95a-ultra-unidad-multimedia-de-93-para-ford-kuga-2013-2018","status":"publish","type":"product","link":"https:\/\/evustech.com\/en\/shop\/x95a-ultra-unidad-multimedia-de-93-para-ford-kuga-2013-2018\/","title":{"rendered":"X95A ULTRA &#8211; Unidad Multimedia de 9,3&#8243; para FORD KUGA (2013-2018)"},"content":{"rendered":"<p>Reproductor multimedia de alta resoluci\u00f3n con display de 9,3&#8243; y\u00a0 sistema Operativo Android 13.<\/p>\n<ul>\n<li>Moderna y atractiva interfaz gr\u00e1fica con accesos directos personalizables y ventana din\u00e1mica de escritorio.<\/li>\n<li>Preparado para conexi\u00f3n c\u00e1mara ADAS con integraci\u00f3n en interfaz principal.<\/li>\n<li>Display t\u00e1ctil de 9,3?capacitivo de alta resoluci\u00f3n 2K de 2.000 x 1.200px.<\/li>\n<li>CPU Qualcomm de 8 n\u00facleos a 2,0Ghz con 8Gb RAM y 128Gb de memoria interna.<\/li>\n<li>Marco embellecedor, cableado y m\u00f3dulo CANBUS incluido para mantener las funciones originales del veh\u00edculo.<\/li>\n<li>Permite descargar y almacenar\u00a0 m\u00fasica, pel\u00edculas, im\u00e1genes, y aplicaciones descargadas desde Google Play.<\/li>\n<li>Procesador de sonido profesional con DAC 24bits, compatible con archivos Hi -Res\u00a0 hasta 192KHz y archivos de video de alta definici\u00f3n.<\/li>\n<li>Ecualizador de 48 bandas, alineamiento de tiempo, crossover activo y sistema Surround 5.1.<\/li>\n<li>4 salidas preamplificaci\u00f3n ( Delantera \/ Trasera \/ Subwoofer \/ Central)<\/li>\n<li>Salida TOS Link de fibra \u00f3ptica y salida HDMI para conexi\u00f3n con dispositivos de alta definici\u00f3n.<\/li>\n<li>Entrada c\u00e1mara trasera y frontal.<\/li>\n<li>Amplificador\u00a0 integrado de 4x50w.<\/li>\n<li>Carplay y Android Auto en modo inal\u00e1mbrico ( Zlink).<\/li>\n<li>Lector de tarjetas SIM y antena 4G incluida para acceso a internet.<\/li>\n<li>2 puertos USB,\u00a0 Wifi , modulo de navegaci\u00f3n, Bluetooth con micr\u00f3fono externo versi\u00f3n 5.0 con descarga de agenda y audio streaming A2DP.<\/li>\n<li>Asistente de inteligencia artificial con control de voz (Toppal).<\/li>\n<li>COMPATIBLE con conector 24 PIN con bot\u00f3n OK<\/li>\n<\/ul>\n<p>&nbsp;<\/p>\n","protected":false},"excerpt":{"rendered":"<h2>X95A ULTRA &#8211; Unidad Multimedia de 9,3&#8243; para FORD KUGA (2013-2018)<\/h2>\n<h2 class=\"miprecio\"><span style=\"color: #ff0000;\">769<strong>,00 \u20ac<\/strong><\/span><\/h2>\n<p><a href=\"https:\/\/evustech.com\/wp-content\/uploads\/2024\/11\/FICHA-TECNICA-X-ULTRA-SERIE-2024.pdf\" target=\"_blank\" rel=\"noopener noreferrer\"><span style=\"color: #000080;\"><strong>FICHA T\u00c9CNICA\u00a0<\/strong><\/span><\/a><\/p>\n<p>&nbsp;<\/p>\n","protected":false},"featured_media":10146,"template":"","meta":{"_acf_changed":false},"product_brand":[],"product_cat":[468,470,471,469],"product_tag":[],"class_list":{"0":"post-10187","1":"product","2":"type-product","3":"status-publish","4":"has-post-thumbnail","6":"product_cat-oem-fit-en","7":"product_cat-ford-en","8":"product_cat-kuga-2013-en","9":"product_cat-multimedia-en","11":"first","12":"instock","13":"featured","14":"shipping-taxable","15":"purchasable","16":"product-type-simple"},"acf":[],"yoast_head":"<!-- This site is optimized with the Yoast SEO plugin v27.0 - https:\/\/yoast.com\/product\/yoast-seo-wordpress\/ -->\n<title>X95A ULTRA - Unidad Multimedia de 9,3&quot; para FORD KUGA (2013-2018) - Evus<\/title>\n<meta name=\"robots\" content=\"index, follow, max-snippet:-1, max-image-preview:large, max-video-preview:-1\" \/>\n<link rel=\"canonical\" href=\"https:\/\/evustech.com\/en\/shop\/x95a-ultra-unidad-multimedia-de-93-para-ford-kuga-2013-2018\/\" \/>\n<meta property=\"og:locale\" content=\"en_US\" \/>\n<meta property=\"og:type\" content=\"article\" \/>\n<meta property=\"og:title\" content=\"X95A ULTRA - Unidad Multimedia de 9,3&quot; para FORD KUGA (2013-2018) - Evus\" \/>\n<meta property=\"og:description\" content=\"X95A ULTRA - Unidad Multimedia de 9,3&quot; para FORD KUGA (2013-2018) 769,00 \u20ac FICHA T\u00c9CNICA\u00a0  &nbsp;\" \/>\n<meta property=\"og:url\" content=\"https:\/\/evustech.com\/en\/shop\/x95a-ultra-unidad-multimedia-de-93-para-ford-kuga-2013-2018\/\" \/>\n<meta property=\"og:site_name\" content=\"Evus\" \/>\n<meta name=\"twitter:card\" content=\"summary_large_image\" \/>\n<meta name=\"twitter:label1\" content=\"Est. reading time\" \/>\n\t<meta name=\"twitter:data1\" content=\"1 minute\" \/>\n<script type=\"application\/ld+json\" class=\"yoast-schema-graph\">{\"@context\":\"https:\/\/schema.org\",\"@graph\":[{\"@type\":[\"WebPage\",\"ItemPage\"],\"@id\":\"https:\/\/evustech.com\/en\/shop\/x95a-ultra-unidad-multimedia-de-93-para-ford-kuga-2013-2018\/\",\"url\":\"https:\/\/evustech.com\/en\/shop\/x95a-ultra-unidad-multimedia-de-93-para-ford-kuga-2013-2018\/\",\"name\":\"X95A ULTRA - Unidad Multimedia de 9,3\\\" para FORD KUGA (2013-2018) - Evus\",\"isPartOf\":{\"@id\":\"https:\/\/evustech.com\/en\/#website\"},\"primaryImageOfPage\":{\"@id\":\"https:\/\/evustech.com\/en\/shop\/x95a-ultra-unidad-multimedia-de-93-para-ford-kuga-2013-2018\/#primaryimage\"},\"image\":{\"@id\":\"https:\/\/evustech.com\/en\/shop\/x95a-ultra-unidad-multimedia-de-93-para-ford-kuga-2013-2018\/#primaryimage\"},\"thumbnailUrl\":\"https:\/\/evustech.com\/wp-content\/uploads\/2024\/11\/KUGA-2013_XU2025_MAIN.jpg\",\"datePublished\":\"2024-11-05T18:35:29+00:00\",\"breadcrumb\":{\"@id\":\"https:\/\/evustech.com\/en\/shop\/x95a-ultra-unidad-multimedia-de-93-para-ford-kuga-2013-2018\/#breadcrumb\"},\"inLanguage\":\"en-US\",\"potentialAction\":[{\"@type\":\"ReadAction\",\"target\":[\"https:\/\/evustech.com\/en\/shop\/x95a-ultra-unidad-multimedia-de-93-para-ford-kuga-2013-2018\/\"]}]},{\"@type\":\"ImageObject\",\"inLanguage\":\"en-US\",\"@id\":\"https:\/\/evustech.com\/en\/shop\/x95a-ultra-unidad-multimedia-de-93-para-ford-kuga-2013-2018\/#primaryimage\",\"url\":\"https:\/\/evustech.com\/wp-content\/uploads\/2024\/11\/KUGA-2013_XU2025_MAIN.jpg\",\"contentUrl\":\"https:\/\/evustech.com\/wp-content\/uploads\/2024\/11\/KUGA-2013_XU2025_MAIN.jpg\",\"width\":1000,\"height\":1000},{\"@type\":\"BreadcrumbList\",\"@id\":\"https:\/\/evustech.com\/en\/shop\/x95a-ultra-unidad-multimedia-de-93-para-ford-kuga-2013-2018\/#breadcrumb\",\"itemListElement\":[{\"@type\":\"ListItem\",\"position\":1,\"name\":\"Home\",\"item\":\"https:\/\/evustech.com\/en\/\"},{\"@type\":\"ListItem\",\"position\":2,\"name\":\"Shop\",\"item\":\"https:\/\/evustech.com\/en\/shop\/\"},{\"@type\":\"ListItem\",\"position\":3,\"name\":\"X95A ULTRA &#8211; Unidad Multimedia de 9,3&#8243; para FORD KUGA (2013-2018)\"}]},{\"@type\":\"WebSite\",\"@id\":\"https:\/\/evustech.com\/en\/#website\",\"url\":\"https:\/\/evustech.com\/en\/\",\"name\":\"Evus\",\"description\":\"Tecnolog\u00eda multimedia para tu autom\u00f3vil\",\"publisher\":{\"@id\":\"https:\/\/evustech.com\/en\/#organization\"},\"potentialAction\":[{\"@type\":\"SearchAction\",\"target\":{\"@type\":\"EntryPoint\",\"urlTemplate\":\"https:\/\/evustech.com\/en\/?s={search_term_string}\"},\"query-input\":{\"@type\":\"PropertyValueSpecification\",\"valueRequired\":true,\"valueName\":\"search_term_string\"}}],\"inLanguage\":\"en-US\"},{\"@type\":\"Organization\",\"@id\":\"https:\/\/evustech.com\/en\/#organization\",\"name\":\"Evus\",\"url\":\"https:\/\/evustech.com\/en\/\",\"logo\":{\"@type\":\"ImageObject\",\"inLanguage\":\"en-US\",\"@id\":\"https:\/\/evustech.com\/en\/#\/schema\/logo\/image\/\",\"url\":\"https:\/\/evustech.com\/wp-content\/uploads\/2024\/09\/LOGO-EVUS.png\",\"contentUrl\":\"https:\/\/evustech.com\/wp-content\/uploads\/2024\/09\/LOGO-EVUS.png\",\"width\":300,\"height\":92,\"caption\":\"Evus\"},\"image\":{\"@id\":\"https:\/\/evustech.com\/en\/#\/schema\/logo\/image\/\"}}]}<\/script>\n<!-- \/ Yoast SEO plugin. -->","yoast_head_json":{"title":"X95A ULTRA - Unidad Multimedia de 9,3\" para FORD KUGA (2013-2018) - Evus","robots":{"index":"index","follow":"follow","max-snippet":"max-snippet:-1","max-image-preview":"max-image-preview:large","max-video-preview":"max-video-preview:-1"},"canonical":"https:\/\/evustech.com\/en\/shop\/x95a-ultra-unidad-multimedia-de-93-para-ford-kuga-2013-2018\/","og_locale":"en_US","og_type":"article","og_title":"X95A ULTRA - Unidad Multimedia de 9,3\" para FORD KUGA (2013-2018) - Evus","og_description":"X95A ULTRA - Unidad Multimedia de 9,3\" para FORD KUGA (2013-2018) 769,00 \u20ac FICHA T\u00c9CNICA\u00a0  &nbsp;","og_url":"https:\/\/evustech.com\/en\/shop\/x95a-ultra-unidad-multimedia-de-93-para-ford-kuga-2013-2018\/","og_site_name":"Evus","twitter_card":"summary_large_image","twitter_misc":{"Est. reading time":"1 minute"},"schema":{"@context":"https:\/\/schema.org","@graph":[{"@type":["WebPage","ItemPage"],"@id":"https:\/\/evustech.com\/en\/shop\/x95a-ultra-unidad-multimedia-de-93-para-ford-kuga-2013-2018\/","url":"https:\/\/evustech.com\/en\/shop\/x95a-ultra-unidad-multimedia-de-93-para-ford-kuga-2013-2018\/","name":"X95A ULTRA - Unidad Multimedia de 9,3\" para FORD KUGA (2013-2018) - Evus","isPartOf":{"@id":"https:\/\/evustech.com\/en\/#website"},"primaryImageOfPage":{"@id":"https:\/\/evustech.com\/en\/shop\/x95a-ultra-unidad-multimedia-de-93-para-ford-kuga-2013-2018\/#primaryimage"},"image":{"@id":"https:\/\/evustech.com\/en\/shop\/x95a-ultra-unidad-multimedia-de-93-para-ford-kuga-2013-2018\/#primaryimage"},"thumbnailUrl":"https:\/\/evustech.com\/wp-content\/uploads\/2024\/11\/KUGA-2013_XU2025_MAIN.jpg","datePublished":"2024-11-05T18:35:29+00:00","breadcrumb":{"@id":"https:\/\/evustech.com\/en\/shop\/x95a-ultra-unidad-multimedia-de-93-para-ford-kuga-2013-2018\/#breadcrumb"},"inLanguage":"en-US","potentialAction":[{"@type":"ReadAction","target":["https:\/\/evustech.com\/en\/shop\/x95a-ultra-unidad-multimedia-de-93-para-ford-kuga-2013-2018\/"]}]},{"@type":"ImageObject","inLanguage":"en-US","@id":"https:\/\/evustech.com\/en\/shop\/x95a-ultra-unidad-multimedia-de-93-para-ford-kuga-2013-2018\/#primaryimage","url":"https:\/\/evustech.com\/wp-content\/uploads\/2024\/11\/KUGA-2013_XU2025_MAIN.jpg","contentUrl":"https:\/\/evustech.com\/wp-content\/uploads\/2024\/11\/KUGA-2013_XU2025_MAIN.jpg","width":1000,"height":1000},{"@type":"BreadcrumbList","@id":"https:\/\/evustech.com\/en\/shop\/x95a-ultra-unidad-multimedia-de-93-para-ford-kuga-2013-2018\/#breadcrumb","itemListElement":[{"@type":"ListItem","position":1,"name":"Home","item":"https:\/\/evustech.com\/en\/"},{"@type":"ListItem","position":2,"name":"Shop","item":"https:\/\/evustech.com\/en\/shop\/"},{"@type":"ListItem","position":3,"name":"X95A ULTRA &#8211; Unidad Multimedia de 9,3&#8243; para FORD KUGA (2013-2018)"}]},{"@type":"WebSite","@id":"https:\/\/evustech.com\/en\/#website","url":"https:\/\/evustech.com\/en\/","name":"Evus","description":"Tecnolog\u00eda multimedia para tu autom\u00f3vil","publisher":{"@id":"https:\/\/evustech.com\/en\/#organization"},"potentialAction":[{"@type":"SearchAction","target":{"@type":"EntryPoint","urlTemplate":"https:\/\/evustech.com\/en\/?s={search_term_string}"},"query-input":{"@type":"PropertyValueSpecification","valueRequired":true,"valueName":"search_term_string"}}],"inLanguage":"en-US"},{"@type":"Organization","@id":"https:\/\/evustech.com\/en\/#organization","name":"Evus","url":"https:\/\/evustech.com\/en\/","logo":{"@type":"ImageObject","inLanguage":"en-US","@id":"https:\/\/evustech.com\/en\/#\/schema\/logo\/image\/","url":"https:\/\/evustech.com\/wp-content\/uploads\/2024\/09\/LOGO-EVUS.png","contentUrl":"https:\/\/evustech.com\/wp-content\/uploads\/2024\/09\/LOGO-EVUS.png","width":300,"height":92,"caption":"Evus"},"image":{"@id":"https:\/\/evustech.com\/en\/#\/schema\/logo\/image\/"}}]}},"_links":{"self":[{"href":"https:\/\/evustech.com\/en\/wp-json\/wp\/v2\/product\/10187","targetHints":{"allow":["GET"]}}],"collection":[{"href":"https:\/\/evustech.com\/en\/wp-json\/wp\/v2\/product"}],"about":[{"href":"https:\/\/evustech.com\/en\/wp-json\/wp\/v2\/types\/product"}],"version-history":[{"count":0,"href":"https:\/\/evustech.com\/en\/wp-json\/wp\/v2\/product\/10187\/revisions"}],"wp:featuredmedia":[{"embeddable":true,"href":"https:\/\/evustech.com\/en\/wp-json\/wp\/v2\/media\/10146"}],"wp:attachment":[{"href":"https:\/\/evustech.com\/en\/wp-json\/wp\/v2\/media?parent=10187"}],"wp:term":[{"taxonomy":"product_brand","embeddable":true,"href":"https:\/\/evustech.com\/en\/wp-json\/wp\/v2\/product_brand?post=10187"},{"taxonomy":"product_cat","embeddable":true,"href":"https:\/\/evustech.com\/en\/wp-json\/wp\/v2\/product_cat?post=10187"},{"taxonomy":"product_tag","embeddable":true,"href":"https:\/\/evustech.com\/en\/wp-json\/wp\/v2\/product_tag?post=10187"}],"curies":[{"name":"wp","href":"https:\/\/api.w.org\/{rel}","templated":true}]}}